{"id":10616,"date":"2022-03-03T11:37:00","date_gmt":"2022-03-03T11:37:00","guid":{"rendered":"https:\/\/www.christiansminde.dk\/gavekort\/"},"modified":"2025-08-29T11:02:27","modified_gmt":"2025-08-29T11:02:27","slug":"gavekort","status":"publish","type":"page","link":"https:\/\/www.christiansminde.dk\/de\/gavekort\/","title":{"rendered":"Gutscheine"},"content":{"rendered":"\n    <div\n      class=\"alignfull flex-block flex-block--blockID--11eebd5ecc20\"\n      data-block-id=\"blockID--11eebd5ecc20\" \n      id=\"flex-blockid--11eebd5ecc20\"\n      \n    >\n    <style> @media only screen and (min-width: 768px) { .flex-block--blockID--11eebd5ecc20 { --html-font-size: 1.25vw; --height:44.7143em; --bg-color: var(--scheme_1--background--default); --margin-top: 0em; --margin-bottom: 0em; } } @media only screen and (max-width: 767px) { .flex-block--blockID--11eebd5ecc20 { --html-font-size: 4.2666666666667vw; --height: 60.208333333333336em; --bg-color: var(--scheme_1--background--default); --margin-top: 0em; --margin-bottom: 0em; } } <\/style>\n    <div class=\"flex-block__main-container server-rendered\"><style> .flex-block__element--block-blockID--11eebd5ecc20.flex-block__element--element_id_9aff3576f809, .flex-element-animation-helper[data-id='element_id_9aff3576f809'][data-block-id='blockID--11eebd5ecc20'] { --el-width: 40em; --el-width-tablet: 40em; --el-height: 45.0625em; --el-height-tablet: 45.0625em; --el-actual-height: 45.0625em; --el-actual-height-tablet: 45.0625em; --position-top: 0em; --position-top-tablet: 0em; --position-left: 0em; --position-left-tablet: 0em; --rotateDeg: 0deg; --z-index: 1; --border-radius: 0px; --backgroundColor: var(--scheme_1--background--accent); } @media only screen and (max-width: 767px) { .flex-block__element--block-blockID--11eebd5ecc20.flex-block__element--element_id_9aff3576f809, .flex-element-animation-helper[data-id='element_id_9aff3576f809'][data-block-id='blockID--11eebd5ecc20'] { --el-width: 23.4375em; --el-width-tablet: 23.4375em; --el-height: 36.25em; --el-height-tablet: 36.25em; --el-actual-height: 36.25em; --el-actual-height-tablet: 36.25em; --position-top: 19.375em; --position-top-tablet: 19.375em; --position-left: 0em; --position-left-tablet: 0em; --rotateDeg: 0deg; --z-index: 2; --border-radius: 0px; --backgroundColor: var(--scheme_1--background--accent); } } \/*ANIMATION START*\/\/*ANIMATION END*\/ .flex-block__element--block-blockID--11eebd5ecc20.flex-block__element--element_id_174e6ae282f9, .flex-element-animation-helper[data-id='element_id_174e6ae282f9'][data-block-id='blockID--11eebd5ecc20'] { --el-width: 40em; --el-width-tablet: 40em; --el-height: 45em; --el-height-tablet: 45em; --el-actual-height: 45em; --el-actual-height-tablet: 45em; --position-top: 0em; --position-top-tablet: 0em; --position-left: 40em; --position-left-tablet: 40em; --rotateDeg: 0deg; --z-index: 2; opacity: 1;--border-radius: 0px; --object-size: cover; --object-position-x: 50%; --object-position-y: 50%; } @media only screen and (max-width: 767px) { .flex-block__element--block-blockID--11eebd5ecc20.flex-block__element--element_id_174e6ae282f9, .flex-element-animation-helper[data-id='element_id_174e6ae282f9'][data-block-id='blockID--11eebd5ecc20'] { --el-width: 23.4375em; --el-width-tablet: 23.4375em; --el-height: 19.375em; --el-height-tablet: 19.375em; --el-actual-height: 19.375em; --el-actual-height-tablet: 19.375em; --position-top: 0em; --position-top-tablet: 0em; --position-left: 0em; --position-left-tablet: 0em; --rotateDeg: 0deg; --z-index: 1; opacity: 1;--border-radius: 0px; --object-size: cover; --object-position-x: 50%; --object-position-y: 50%; } } \/*ANIMATION START*\/\/*ANIMATION END*\/ .flex-block__element--block-blockID--11eebd5ecc20.flex-block__element--element_id_feb094280d82, .flex-element-animation-helper[data-id='element_id_feb094280d82'][data-block-id='blockID--11eebd5ecc20'] { --el-width: 21.85714em; --el-width-tablet: 21.85714em; --el-height: 2.83333em; --el-height-tablet: 2.83333em; --el-actual-height: 2.83333em; --el-actual-height-tablet: 2.83333em; --position-top: 5.19048em; --position-top-tablet: 5.19048em; --position-left: 4.7619em; --position-left-tablet: 4.7619em; --rotateDeg: 0deg; --z-index: 3; --border-radius: 0px; --text-vertical-align: flex-start; --text-align: left; --font-family: Georgia; --el-height: auto; --el-paddings: 0em 0em; } @media only screen and (max-width: 767px) { .flex-block__element--block-blockID--11eebd5ecc20.flex-block__element--element_id_feb094280d82, .flex-element-animation-helper[data-id='element_id_feb094280d82'][data-block-id='blockID--11eebd5ecc20'] { --el-width: 19.67789em; --el-width-tablet: 19.67789em; --el-height: 2.79216em; --el-height-tablet: 2.79216em; --el-actual-height: 2.79216em; --el-actual-height-tablet: 2.79216em; --position-top: 20.79063em; --position-top-tablet: 20.79063em; --position-left: 1.87959em; --position-left-tablet: 1.87959em; --rotateDeg: 0deg; --z-index: 4; --border-radius: 0px; --text-vertical-align: flex-start; --text-align: left; --font-family: Georgia; --el-height: auto; --el-paddings: 0em 0em; } } \/*ANIMATION START*\/\/*ANIMATION END*\/ .flex-block__element--block-blockID--11eebd5ecc20.flex-block__element--element_id_c606eeb63d66, .flex-element-animation-helper[data-id='element_id_c606eeb63d66'][data-block-id='blockID--11eebd5ecc20'] { --el-width: 24.16667em; --el-width-tablet: 24.16667em; --el-height: 1.10026em; --el-height-tablet: 1.10026em; --el-actual-height: 1.10026em; --el-actual-height-tablet: 1.10026em; --position-top: 10.375em; --position-top-tablet: 10.375em; --position-left: 4.625em; --position-left-tablet: 4.625em; --rotateDeg: 0deg; --z-index: 5; --border-radius: 0px; --text-vertical-align: flex-start; --text-align: left; --el-height: auto; --el-paddings: 0em 0em; } @media only screen and (max-width: 767px) { .flex-block__element--block-blockID--11eebd5ecc20.flex-block__element--element_id_c606eeb63d66, .flex-element-animation-helper[data-id='element_id_c606eeb63d66'][data-block-id='blockID--11eebd5ecc20'] { --el-width: 21.79167em; --el-width-tablet: 21.79167em; --el-height: 1.10052em; --el-height-tablet: 1.10052em; --el-actual-height: 1.10052em; --el-actual-height-tablet: 1.10052em; --position-top: 25.125em; --position-top-tablet: 25.125em; --position-left: 1.875em; --position-left-tablet: 1.875em; --rotateDeg: 0deg; --z-index: 5; --border-radius: 0px; --text-vertical-align: flex-start; --text-align: left; --el-height: auto; --el-paddings: 0em 0em; } } \/*ANIMATION START*\/\/*ANIMATION END*\/ .flex-block__element--block-blockID--11eebd5ecc20.flex-block__element--element_id_d56393f85730, .flex-element-animation-helper[data-id='element_id_d56393f85730'][data-block-id='blockID--11eebd5ecc20'] { --el-width: 28.875em; --el-width-tablet: 28.875em; --el-height: 14.4375em; --el-height-tablet: 14.4375em; --el-actual-height: 14.4375em; --el-actual-height-tablet: 14.4375em; --position-top: 12.33333em; --position-top-tablet: 12.33333em; --position-left: 4.625em; --position-left-tablet: 4.625em; --rotateDeg: 0deg; --z-index: 4; --border-radius: 0px; --text-vertical-align: flex-start; --text-align: left; --el-height: auto; --el-paddings: 0em 0em; } @media only screen and (max-width: 767px) { .flex-block__element--block-blockID--11eebd5ecc20.flex-block__element--element_id_d56393f85730, .flex-element-animation-helper[data-id='element_id_d56393f85730'][data-block-id='blockID--11eebd5ecc20'] { --el-width: 19.66667em; --el-width-tablet: 19.66667em; --el-height: 21.00859em; --el-height-tablet: 21.00859em; --el-actual-height: 21.00859em; --el-actual-height-tablet: 21.00859em; --position-top: 26.875em; --position-top-tablet: 26.875em; --position-left: 1.875em; --position-left-tablet: 1.875em; --rotateDeg: 0deg; --z-index: 3; --border-radius: 0px; --text-vertical-align: flex-start; --text-align: left; --el-height: auto; --el-paddings: 0em 0em; } } \/*ANIMATION START*\/\/*ANIMATION END*\/<\/style><div class=\"flex-block__element flex-block__element--element_id_9aff3576f809 flex-block__element--shape   flex-block__element--block-blockID--11eebd5ecc20   flex-block__element--synced \" style=\"\"><\/div><div\n    class=\"flex-block__element flex-block__element--element_id_174e6ae282f9 flex-block__element--image    flex-block__element--block-blockID--11eebd5ecc20   flex-block__element--synced \"\n    style=\"\n  \"><img class=\"flex-img-tag \" alt=\"Gavekort Hotel Christiansminde\" sizes=\"(max-width: 767px) calc(23.4375 * 4.2666666666667vw), calc(40 * 1.25vw)\" data-srcset=\"https:\/\/www.christiansminde.dk\/wp-content\/uploads\/2024\/11\/Gavekort-1.jpg 1600w, https:\/\/www.christiansminde.dk\/wp-content\/uploads\/2024\/11\/Gavekort-1-240x300.jpg 240w, https:\/\/www.christiansminde.dk\/wp-content\/uploads\/2024\/11\/Gavekort-1-819x1024.jpg 819w, https:\/\/www.christiansminde.dk\/wp-content\/uploads\/2024\/11\/Gavekort-1-768x960.jpg 768w, https:\/\/www.christiansminde.dk\/wp-content\/uploads\/2024\/11\/Gavekort-1-1229x1536.jpg 1229w\"  data-src=\"https:\/\/www.christiansminde.dk\/wp-content\/uploads\/2024\/11\/Gavekort-1.jpg\" \/><\/div>\n    <div class=\"flex-block__element flex-block__element--element_id_feb094280d82 flex-block__element--text  flex-block__element--block-blockID--11eebd5ecc20  flex-block__element--editorTagsFix  flex-block__element--synced \" style=\"--font-size: 2.5em;--line-height: 1.1em;--letter-spacing: 0em;\">\n      <div  class=\"flex-block__text-content  height-auto\">\n        <h1><span style=\"color:var(--scheme_1--text--default)\"><span class=\"has-inline-font\" style=\"font-family:Cardo\">Gutscheine<\/span><\/span><\/h1>\n      <\/div>\n    <\/div>\n  \n    <div class=\"flex-block__element flex-block__element--element_id_c606eeb63d66 flex-block__element--text  flex-block__element--block-blockID--11eebd5ecc20  flex-block__element--editorTagsFix  flex-block__element--synced \" style=\"\">\n      <div data-font='third_level\/overline_1' class=\"flex-block__text-content  height-auto\">\n        <h2><span class=\"has-inline-font\" style=\"font-family:CenturyGothic\"><span style=\"color:var(--scheme_1--button--text--default)\">Verw\u00f6hnmomente verschenken<\/span><\/span><\/h2>\n      <\/div>\n    <\/div>\n  \n    <div class=\"flex-block__element flex-block__element--element_id_d56393f85730 flex-block__element--text  flex-block__element--block-blockID--11eebd5ecc20  flex-block__element--editorTagsFix  flex-block__element--synced \" style=\"\">\n      <div data-font='second_level\/paragraph' class=\"flex-block__text-content  height-auto\">\n        <p><span style=\"color:var(--scheme_1--text--default)\">Mit einem Geschenkgutschein des Christiansminde verschenken Sie eine besondere Auszeit und ein St\u00fcck s\u00fcdf\u00fcnischen Lebensstils.<\/span><\/p><div class=\"spacer\"><\/div><p><span style=\"color:var(--scheme_1--text--default)\">Der Gutschein kann \u00fcber einen beliebigen Betrag ausgestellt und als Zahlungsmittel f\u00fcr \u00dcbernachtungen, Restaurantbesuche oder andere Hotelleistungen genutzt werden. <\/span><\/p><p><span style=\"color:var(--scheme_1--text--default)\">Er ist ab dem Ausstellungsdatum ein Jahr lang g\u00fcltig. <\/span><\/p><div class=\"spacer\"><\/div><p><span style=\"color:var(--scheme_1--text--default)\">Rufen Sie uns einfach unter <a href=\"tel:+45 62219000\" target=\"_self\">+45 62 21 90 00<\/a> an oder senden Sie uns eine E-Mail an <a href=\"mailto:booking@christiansminde.dk\" target=\"_self\">booking@christiansminde.dk<\/a>.<\/span><\/p><p><span style=\"color:var(--scheme_1--text--default)\">Wir freuen uns darauf, Ihre Liebsten zu verw\u00f6hnen!<\/span><\/p>\n      <\/div>\n    <\/div>\n  <\/div><\/div>","protected":false},"excerpt":{"rendered":"","protected":false},"author":12,"featured_media":0,"parent":0,"menu_order":0,"comment_status":"closed","ping_status":"closed","template":"","meta":{"om_disable_all_campaigns":false,"_uf_show_specific_survey":0,"_uf_disable_surveys":false,"footnotes":""},"class_list":["post-10616","page","type-page","status-publish","hentry"],"fbg_featured_image_src":{"full":false,"thumbnail":false,"medium":false,"medium_large":false,"large":false,"1536x1536":false,"2048x2048":false},"fbg_excerpt":null,"yoast_head":"<!-- This site is optimized with the Yoast SEO plugin v27.5 - https:\/\/yoast.com\/product\/yoast-seo-wordpress\/ -->\n<title>Gavekort til Christiansminde - Giv g\u00e6stfriheden som gave<\/title>\n<meta name=\"description\" content=\"Med et Christiansminde gavekort kan du for\u00e6re f\u00f8lelsen af fork\u00e6lelse til en du mener fortjener det. Valgfrit bel\u00f8b eller v\u00e6rdi.\" \/>\n<meta name=\"robots\" content=\"index, follow, max-snippet:-1, max-image-preview:large, max-video-preview:-1\" \/>\n<link rel=\"canonical\" href=\"https:\/\/www.christiansminde.dk\/de\/gavekort\/\" \/>\n<meta property=\"og:locale\" content=\"de_DE\" \/>\n<meta property=\"og:type\" content=\"article\" \/>\n<meta property=\"og:title\" content=\"Gavekort til Christiansminde - Giv g\u00e6stfriheden som gave\" \/>\n<meta property=\"og:description\" content=\"Med et Christiansminde gavekort kan du for\u00e6re f\u00f8lelsen af fork\u00e6lelse til en du mener fortjener det. Valgfrit bel\u00f8b eller v\u00e6rdi.\" \/>\n<meta property=\"og:url\" content=\"https:\/\/www.christiansminde.dk\/de\/gavekort\/\" \/>\n<meta property=\"og:site_name\" content=\"Hotel p\u00e5 Fyn i Svendborg\" \/>\n<meta property=\"article:publisher\" content=\"https:\/\/www.facebook.com\/HotelChristiansminde\" \/>\n<meta property=\"article:modified_time\" content=\"2025-08-29T11:02:27+00:00\" \/>\n<meta name=\"twitter:card\" content=\"summary_large_image\" \/>\n<meta name=\"twitter:label1\" content=\"Gesch\u00e4tzte Lesezeit\" \/>\n\t<meta name=\"twitter:data1\" content=\"1\u00a0Minute\" \/>\n<script type=\"application\/ld+json\" class=\"yoast-schema-graph\">{\"@context\":\"https:\\\/\\\/schema.org\",\"@graph\":[{\"@type\":\"WebPage\",\"@id\":\"https:\\\/\\\/www.christiansminde.dk\\\/de\\\/gavekort\\\/\",\"url\":\"https:\\\/\\\/www.christiansminde.dk\\\/de\\\/gavekort\\\/\",\"name\":\"Gavekort til Christiansminde - Giv g\u00e6stfriheden som gave\",\"isPartOf\":{\"@id\":\"https:\\\/\\\/www.christiansminde.dk\\\/#website\"},\"datePublished\":\"2022-03-03T11:37:00+00:00\",\"dateModified\":\"2025-08-29T11:02:27+00:00\",\"description\":\"Med et Christiansminde gavekort kan du for\u00e6re f\u00f8lelsen af fork\u00e6lelse til en du mener fortjener det. Valgfrit bel\u00f8b eller v\u00e6rdi.\",\"breadcrumb\":{\"@id\":\"https:\\\/\\\/www.christiansminde.dk\\\/de\\\/gavekort\\\/#breadcrumb\"},\"inLanguage\":\"de\",\"potentialAction\":[{\"@type\":\"ReadAction\",\"target\":[\"https:\\\/\\\/www.christiansminde.dk\\\/de\\\/gavekort\\\/\"]}]},{\"@type\":\"BreadcrumbList\",\"@id\":\"https:\\\/\\\/www.christiansminde.dk\\\/de\\\/gavekort\\\/#breadcrumb\",\"itemListElement\":[{\"@type\":\"ListItem\",\"position\":1,\"name\":\"Home\",\"item\":\"https:\\\/\\\/www.christiansminde.dk\\\/de\\\/\"},{\"@type\":\"ListItem\",\"position\":2,\"name\":\"Gutscheine\"}]},{\"@type\":\"WebSite\",\"@id\":\"https:\\\/\\\/www.christiansminde.dk\\\/#website\",\"url\":\"https:\\\/\\\/www.christiansminde.dk\\\/\",\"name\":\"Hotel p\u00e5 Fyn i Svendborg\",\"description\":\"Hotel Christiansminde i Svendborg\",\"publisher\":{\"@id\":\"https:\\\/\\\/www.christiansminde.dk\\\/#organization\"},\"potentialAction\":[{\"@type\":\"SearchAction\",\"target\":{\"@type\":\"EntryPoint\",\"urlTemplate\":\"https:\\\/\\\/www.christiansminde.dk\\\/?s={search_term_string}\"},\"query-input\":{\"@type\":\"PropertyValueSpecification\",\"valueRequired\":true,\"valueName\":\"search_term_string\"}}],\"inLanguage\":\"de\"},{\"@type\":\"Organization\",\"@id\":\"https:\\\/\\\/www.christiansminde.dk\\\/#organization\",\"name\":\"Hotel Christiansminde\",\"url\":\"https:\\\/\\\/www.christiansminde.dk\\\/\",\"logo\":{\"@type\":\"ImageObject\",\"inLanguage\":\"de\",\"@id\":\"https:\\\/\\\/www.christiansminde.dk\\\/#\\\/schema\\\/logo\\\/image\\\/\",\"url\":\"https:\\\/\\\/www.christiansminde.dk\\\/wp-content\\\/uploads\\\/2022\\\/09\\\/SoMe-opslag-2-819x1024.png\",\"contentUrl\":\"https:\\\/\\\/www.christiansminde.dk\\\/wp-content\\\/uploads\\\/2022\\\/09\\\/SoMe-opslag-2-819x1024.png\",\"width\":819,\"height\":1024,\"caption\":\"Hotel Christiansminde\"},\"image\":{\"@id\":\"https:\\\/\\\/www.christiansminde.dk\\\/#\\\/schema\\\/logo\\\/image\\\/\"},\"sameAs\":[\"https:\\\/\\\/www.facebook.com\\\/HotelChristiansminde\",\"https:\\\/\\\/www.instagram.com\\\/hotelchristiansminde\\\/\",\"https:\\\/\\\/www.linkedin.com\\\/company\\\/hotel-christiansminde\\\/\"]}]}<\/script>\n<!-- \/ Yoast SEO plugin. -->","yoast_head_json":{"title":"Gavekort til Christiansminde - Giv g\u00e6stfriheden som gave","description":"Med et Christiansminde gavekort kan du for\u00e6re f\u00f8lelsen af fork\u00e6lelse til en du mener fortjener det. Valgfrit bel\u00f8b eller v\u00e6rdi.","robots":{"index":"index","follow":"follow","max-snippet":"max-snippet:-1","max-image-preview":"max-image-preview:large","max-video-preview":"max-video-preview:-1"},"canonical":"https:\/\/www.christiansminde.dk\/de\/gavekort\/","og_locale":"de_DE","og_type":"article","og_title":"Gavekort til Christiansminde - Giv g\u00e6stfriheden som gave","og_description":"Med et Christiansminde gavekort kan du for\u00e6re f\u00f8lelsen af fork\u00e6lelse til en du mener fortjener det. Valgfrit bel\u00f8b eller v\u00e6rdi.","og_url":"https:\/\/www.christiansminde.dk\/de\/gavekort\/","og_site_name":"Hotel p\u00e5 Fyn i Svendborg","article_publisher":"https:\/\/www.facebook.com\/HotelChristiansminde","article_modified_time":"2025-08-29T11:02:27+00:00","twitter_card":"summary_large_image","twitter_misc":{"Gesch\u00e4tzte Lesezeit":"1\u00a0Minute"},"schema":{"@context":"https:\/\/schema.org","@graph":[{"@type":"WebPage","@id":"https:\/\/www.christiansminde.dk\/de\/gavekort\/","url":"https:\/\/www.christiansminde.dk\/de\/gavekort\/","name":"Gavekort til Christiansminde - Giv g\u00e6stfriheden som gave","isPartOf":{"@id":"https:\/\/www.christiansminde.dk\/#website"},"datePublished":"2022-03-03T11:37:00+00:00","dateModified":"2025-08-29T11:02:27+00:00","description":"Med et Christiansminde gavekort kan du for\u00e6re f\u00f8lelsen af fork\u00e6lelse til en du mener fortjener det. Valgfrit bel\u00f8b eller v\u00e6rdi.","breadcrumb":{"@id":"https:\/\/www.christiansminde.dk\/de\/gavekort\/#breadcrumb"},"inLanguage":"de","potentialAction":[{"@type":"ReadAction","target":["https:\/\/www.christiansminde.dk\/de\/gavekort\/"]}]},{"@type":"BreadcrumbList","@id":"https:\/\/www.christiansminde.dk\/de\/gavekort\/#breadcrumb","itemListElement":[{"@type":"ListItem","position":1,"name":"Home","item":"https:\/\/www.christiansminde.dk\/de\/"},{"@type":"ListItem","position":2,"name":"Gutscheine"}]},{"@type":"WebSite","@id":"https:\/\/www.christiansminde.dk\/#website","url":"https:\/\/www.christiansminde.dk\/","name":"Hotel p\u00e5 Fyn i Svendborg","description":"Hotel Christiansminde i Svendborg","publisher":{"@id":"https:\/\/www.christiansminde.dk\/#organization"},"potentialAction":[{"@type":"SearchAction","target":{"@type":"EntryPoint","urlTemplate":"https:\/\/www.christiansminde.dk\/?s={search_term_string}"},"query-input":{"@type":"PropertyValueSpecification","valueRequired":true,"valueName":"search_term_string"}}],"inLanguage":"de"},{"@type":"Organization","@id":"https:\/\/www.christiansminde.dk\/#organization","name":"Hotel Christiansminde","url":"https:\/\/www.christiansminde.dk\/","logo":{"@type":"ImageObject","inLanguage":"de","@id":"https:\/\/www.christiansminde.dk\/#\/schema\/logo\/image\/","url":"https:\/\/www.christiansminde.dk\/wp-content\/uploads\/2022\/09\/SoMe-opslag-2-819x1024.png","contentUrl":"https:\/\/www.christiansminde.dk\/wp-content\/uploads\/2022\/09\/SoMe-opslag-2-819x1024.png","width":819,"height":1024,"caption":"Hotel Christiansminde"},"image":{"@id":"https:\/\/www.christiansminde.dk\/#\/schema\/logo\/image\/"},"sameAs":["https:\/\/www.facebook.com\/HotelChristiansminde","https:\/\/www.instagram.com\/hotelchristiansminde\/","https:\/\/www.linkedin.com\/company\/hotel-christiansminde\/"]}]}},"_links":{"self":[{"href":"https:\/\/www.christiansminde.dk\/de\/wp-json\/wp\/v2\/pages\/10616","targetHints":{"allow":["GET"]}}],"collection":[{"href":"https:\/\/www.christiansminde.dk\/de\/wp-json\/wp\/v2\/pages"}],"about":[{"href":"https:\/\/www.christiansminde.dk\/de\/wp-json\/wp\/v2\/types\/page"}],"author":[{"embeddable":true,"href":"https:\/\/www.christiansminde.dk\/de\/wp-json\/wp\/v2\/users\/12"}],"replies":[{"embeddable":true,"href":"https:\/\/www.christiansminde.dk\/de\/wp-json\/wp\/v2\/comments?post=10616"}],"version-history":[{"count":12,"href":"https:\/\/www.christiansminde.dk\/de\/wp-json\/wp\/v2\/pages\/10616\/revisions"}],"predecessor-version":[{"id":12531,"href":"https:\/\/www.christiansminde.dk\/de\/wp-json\/wp\/v2\/pages\/10616\/revisions\/12531"}],"wp:attachment":[{"href":"https:\/\/www.christiansminde.dk\/de\/wp-json\/wp\/v2\/media?parent=10616"}],"curies":[{"name":"wp","href":"https:\/\/api.w.org\/{rel}","templated":true}]}}